{"id":69287,"date":"2019-02-03T20:22:25","date_gmt":"2019-02-03T20:22:25","guid":{"rendered":"http:\/\/kreja-service.de\/?page_id=69287"},"modified":"2019-03-19T15:36:59","modified_gmt":"2019-03-19T15:36:59","slug":"startseite","status":"publish","type":"page","link":"https:\/\/kreja-service.de\/","title":{"rendered":"Startseite"},"content":{"rendered":"<p>[et_pb_section bb_built=&#8220;1&#8243; admin_label=&#8220;section&#8220; custom_padding_last_edited=&#8220;on|desktop&#8220; _builder_version=&#8220;3.0.74&#8243; background_color=&#8220;rgba(255,255,255,0)&#8220; custom_padding_tablet=&#8220;50px|0|50px|0&#8243; transparent_background=&#8220;on&#8220; padding_mobile=&#8220;off&#8220; next_background_color=&#8220;rgba(0,0,0,0)&#8220;][et_pb_row admin_label=&#8220;row&#8220; _builder_version=&#8220;3.0.47&#8243; background_size=&#8220;initial&#8220; background_position=&#8220;top_left&#8220; background_repeat=&#8220;repeat&#8220;][et_pb_column type=&#8220;4_4&#8243;][et_pb_text admin_label=&#8220;Willkommen&#8220; _builder_version=&#8220;3.19.4&#8243; text_font=&#8220;Georgia||||||||&#8220; text_text_color=&#8220;#0c71c3&#8243; text_font_size=&#8220;33px&#8220; saved_tabs=&#8220;all&#8220;]<\/p>\n<h3><span style=\"color: #0000ff;\"><strong>Willkommen auf der Seite von Kreja-Service<\/strong><\/span><\/h3>\n<p>[\/et_pb_text][\/et_pb_column][\/et_pb_row][et_pb_row _builder_version=&#8220;3.19.4&#8243;][et_pb_column type=&#8220;4_4&#8243;][et_pb_text _builder_version=&#8220;3.19.4&#8243; text_font=&#8220;||||||||&#8220; text_text_color=&#8220;#000000&#8243; text_font_size=&#8220;20px&#8220;]<\/p>\n<p>Hallo mein Name ist Manuel Krebber- Jan\u00dfen .<\/p>\n<p>Ich helfe Ihnen mit meiner Muskelkraft, technischem Sachverstand und meinem Handwerklichen Geschick welches mir Freude bereitet .<\/p>\n<p>Meine Dienstleistungen umfassen viele Bereiche. Schauen Sie sich gerne auf meiner Seite um.<\/p>\n<p>Derzeit arbeite ich an meiner\u00a0Weiterentwicklung um neue\u00a0Qualifikationen zu erwerben.<\/p>\n<p>Aber was n\u00fctzt ein Schein wenn der Handwerker seine Arbeit trotzdem nicht Fachgerecht ausf\u00fchrt \ud83d\ude09<\/p>\n<p>[\/et_pb_text][\/et_pb_column][\/et_pb_row][\/et_pb_section][et_pb_section bb_built=&#8220;1&#8243; admin_label=&#8220;section&#8220; custom_padding_last_edited=&#8220;on|desktop&#8220; _builder_version=&#8220;3.19.4&#8243; background_color=&#8220;rgba(0,0,0,0)&#8220; custom_padding=&#8220;||100px|&#8220; custom_padding_tablet=&#8220;50px|0|50px|0&#8243; transparent_background=&#8220;on&#8220; padding_mobile=&#8220;off&#8220; prev_background_color=&#8220;rgba(255,255,255,0)&#8220;][et_pb_row admin_label=&#8220;row&#8220; padding_mobile=&#8220;off&#8220; column_padding_mobile=&#8220;on&#8220; parallax_method_1=&#8220;off&#8220; parallax_method_2=&#8220;off&#8220; parallax_method_3=&#8220;off&#8220; _builder_version=&#8220;3.0.47&#8243; background_size=&#8220;initial&#8220; background_position=&#8220;top_left&#8220; background_repeat=&#8220;repeat&#8220;][et_pb_column type=&#8220;1_3&#8243;][et_pb_image src=&#8220;https:\/\/kreja-service.de\/wp-content\/uploads\/2019\/02\/startseite_01.jpg&#8220; _builder_version=&#8220;3.0.87&#8243; border_width_all=&#8220;1&#8243; border_color_all=&#8220;#e09900&#8243; border_style_all=&#8220;solid&#8220; max_width=&#8220;260px&#8220; animation_style=&#8220;slide&#8220; animation_direction=&#8220;left&#8220; animation_duration=&#8220;500ms&#8220; animation_intensity_slide=&#8220;10%&#8220; use_border_color=&#8220;on&#8220; border_color=&#8220;#e09900&#8243; border_width=&#8220;1&#8243; border_style=&#8220;solid&#8220; animation=&#8220;left&#8220; sticky=&#8220;off&#8220;]<\/p>\n<p><\/p>\n<p>[\/et_pb_image][et_pb_text admin_label=&#8220;Leistung&#8220; _builder_version=&#8220;3.19.4&#8243; text_font=&#8220;||||||||&#8220; text_text_color=&#8220;#000000&#8243; text_font_size=&#8220;20px&#8220; background_size=&#8220;initial&#8220; background_position=&#8220;top_left&#8220; background_repeat=&#8220;repeat&#8220; use_border_color=&#8220;off&#8220; border_color=&#8220;#ffffff&#8220; border_style=&#8220;solid&#8220;]<\/p>\n<h2>Leistung<\/h2>\n<p>&nbsp;<\/p>\n<p>Schnell<\/p>\n<p>Sauber<\/p>\n<p>Zuverl\u00e4ssig<\/p>\n<p>&nbsp;<\/p>\n<p>[\/et_pb_text][\/et_pb_column][et_pb_column type=&#8220;1_3&#8243;][et_pb_image src=&#8220;https:\/\/kreja-service.de\/wp-content\/uploads\/2019\/02\/gekauft_Fotolia_8549399_XS-1.jpg&#8220; _builder_version=&#8220;3.0.87&#8243; border_width_all=&#8220;1&#8243; border_color_all=&#8220;#e09900&#8243; border_style_all=&#8220;solid&#8220; max_width=&#8220;260px&#8220; animation_style=&#8220;slide&#8220; animation_direction=&#8220;left&#8220; animation_duration=&#8220;500ms&#8220; animation_intensity_slide=&#8220;10%&#8220; use_border_color=&#8220;on&#8220; border_color=&#8220;#e09900&#8243; border_width=&#8220;1&#8243; border_style=&#8220;solid&#8220; animation=&#8220;left&#8220; sticky=&#8220;off&#8220;]<\/p>\n<p><\/p>\n<p>[\/et_pb_image][et_pb_text admin_label=&#8220;Service&#8220; _builder_version=&#8220;3.19.4&#8243; text_font=&#8220;Georgia|||on|||||&#8220; text_text_color=&#8220;#0c71c3&#8243; background_size=&#8220;initial&#8220; background_position=&#8220;top_left&#8220; background_repeat=&#8220;repeat&#8220; use_border_color=&#8220;off&#8220; border_color=&#8220;#ffffff&#8220; border_style=&#8220;solid&#8220;]<\/p>\n<h2>\u00dcber Mich<\/h2>\n<p><span style=\"color: #000000;\">Ich bin m\u00e4nnlich <strong>39<\/strong> , verheiratet und Familienvater<\/span><\/p>\n<p><span style=\"color: #000000;\">Die Selbst\u00e4ndigkeit habe ich gegr\u00fcndet weil unsere Familienumst\u00e4nde keine dauerhafte Vollzeit Festanstellung zulassen.<\/span><\/p>\n<p><span style=\"color: #000000;\">Zudem m\u00f6chte ich nicht in die Langzeitarbeitslosigkeit abrutschen.<\/span><\/p>\n<p>[\/et_pb_text][\/et_pb_column][et_pb_column type=&#8220;1_3&#8243;][et_pb_image src=&#8220;https:\/\/kreja-service.de\/wp-content\/uploads\/2019\/02\/startseite_03.jpg&#8220; _builder_version=&#8220;3.0.87&#8243; border_width_all=&#8220;1&#8243; border_color_all=&#8220;#e09900&#8243; border_style_all=&#8220;solid&#8220; max_width=&#8220;260px&#8220; animation_style=&#8220;slide&#8220; animation_direction=&#8220;left&#8220; animation_duration=&#8220;500ms&#8220; animation_intensity_slide=&#8220;10%&#8220; use_border_color=&#8220;on&#8220; border_color=&#8220;#e09900&#8243; border_width=&#8220;1&#8243; border_style=&#8220;solid&#8220; animation=&#8220;left&#8220; sticky=&#8220;off&#8220;]<\/p>\n<p><\/p>\n<p>[\/et_pb_image][et_pb_text admin_label=&#8220;Erfolg&#8220; _builder_version=&#8220;3.19.4&#8243; text_font=&#8220;Times New Roman|||on|||||&#8220; text_text_color=&#8220;#000000&#8243; background_size=&#8220;initial&#8220; background_position=&#8220;top_left&#8220; background_repeat=&#8220;repeat&#8220; use_border_color=&#8220;off&#8220; border_color=&#8220;#ffffff&#8220; border_style=&#8220;solid&#8220;]<\/p>\n<h2>Info<\/h2>\n<p><span>Ich bin ein \u00f6kologischer Ein-Mann Betrieb. Mein Firmenfahrzeug ist ein Fahrrad mit Anh\u00e4nger. Ist Werkzeug vorhanden benutze ich \u00f6ffentliche Verkehrsmittel.<\/span><\/p>\n<p><span>Alle Preise sind *Ohne* Materialkosten. <\/span><\/p>\n<p><span>Die Kosten f\u00fcr Material werden gesondert auf der Rechnung aufgef\u00fchrt wenn sie von mir erworben werden.<\/span><\/p>\n<p><span>Auf Grund \u00a719 USt.G wird die Umsatzsteuer nicht erhoben.Soweit nicht anders angegeben gilt der Zeitpunkt der Rechnungsausstellung als Zeitpunkt der Leistung.<\/span><\/p>\n<p>&nbsp;<\/p>\n<p>&nbsp;<\/p>\n<p>[\/et_pb_text][\/et_pb_column][\/et_pb_row][\/et_pb_section]<\/p>\n","protected":false},"excerpt":{"rendered":"<p>[et_pb_section bb_built=&#8220;1&#8243; admin_label=&#8220;section&#8220; custom_padding_last_edited=&#8220;on|desktop&#8220; _builder_version=&#8220;3.0.74&#8243; background_color=&#8220;rgba(255,255,255,0)&#8220; custom_padding_tablet=&#8220;50px|0|50px|0&#8243; transparent_background=&#8220;on&#8220; padding_mobile=&#8220;off&#8220; next_background_color=&#8220;rgba(0,0,0,0)&#8220;][et_pb_row admin_label=&#8220;row&#8220; _builder_version=&#8220;3.0.47&#8243; background_size=&#8220;initial&#8220; background_position=&#8220;top_left&#8220; background_repeat=&#8220;repeat&#8220;][et_pb_column type=&#8220;4_4&#8243;][et_pb_text admin_label=&#8220;Willkommen&#8220; _builder_version=&#8220;3.19.4&#8243; text_font=&#8220;Georgia||||||||&#8220; text_text_color=&#8220;#0c71c3&#8243; text_font_size=&#8220;33px&#8220; saved_tabs=&#8220;all&#8220;] Willkommen auf der Seite von Kreja-Service [\/et_pb_text][\/et_pb_column][\/et_pb_row][et_pb_row _builder_version=&#8220;3.19.4&#8243;][et_pb_column type=&#8220;4_4&#8243;][et_pb_text _builder_version=&#8220;3.19.4&#8243; text_font=&#8220;||||||||&#8220; text_text_color=&#8220;#000000&#8243; text_font_size=&#8220;20px&#8220;] Hallo mein Name ist Manuel Krebber- Jan\u00dfen . Ich helfe Ihnen mit meiner Muskelkraft, technischem Sachverstand und meinem Handwerklichen Geschick [&hellip;]<\/p>\n","protected":false},"author":1,"featured_media":0,"parent":0,"menu_order":0,"comment_status":"closed","ping_status":"closed","template":"","meta":{"_et_pb_use_builder":"on","_et_pb_old_content":"","footnotes":""},"class_list":["post-69287","page","type-page","status-publish","hentry"],"_links":{"self":[{"href":"https:\/\/kreja-service.de\/index.php?rest_route=\/wp\/v2\/pages\/69287","targetHints":{"allow":["GET"]}}],"collection":[{"href":"https:\/\/kreja-service.de\/index.php?rest_route=\/wp\/v2\/pages"}],"about":[{"href":"https:\/\/kreja-service.de\/index.php?rest_route=\/wp\/v2\/types\/page"}],"author":[{"embeddable":true,"href":"https:\/\/kreja-service.de\/index.php?rest_route=\/wp\/v2\/users\/1"}],"replies":[{"embeddable":true,"href":"https:\/\/kreja-service.de\/index.php?rest_route=%2Fwp%2Fv2%2Fcomments&post=69287"}],"version-history":[{"count":15,"href":"https:\/\/kreja-service.de\/index.php?rest_route=\/wp\/v2\/pages\/69287\/revisions"}],"predecessor-version":[{"id":69889,"href":"https:\/\/kreja-service.de\/index.php?rest_route=\/wp\/v2\/pages\/69287\/revisions\/69889"}],"wp:attachment":[{"href":"https:\/\/kreja-service.de\/index.php?rest_route=%2Fwp%2Fv2%2Fmedia&parent=69287"}],"curies":[{"name":"wp","href":"https:\/\/api.w.org\/{rel}","templated":true}]}}